{"id":1197,"date":"2022-02-01T11:10:47","date_gmt":"2022-02-01T11:10:47","guid":{"rendered":"http:\/\/cochesdebodasaranjuez.com\/index.php\/contact\/"},"modified":"2025-09-30T15:48:33","modified_gmt":"2025-09-30T13:48:33","slug":"contacto","status":"publish","type":"page","link":"https:\/\/cochesdebodasaranjuez.com\/index.php\/contacto\/","title":{"rendered":"Contacto"},"content":{"rendered":"\n<div class=\"wp-block-uagb-container uagb-block-c25ba065 alignfull uagb-is-root-container\"><div class=\"uagb-container-inner-blocks-wrap\">\n<div class=\"wp-block-uagb-advanced-heading uagb-block-34e377f9\"><h1 class=\"uagb-heading-text\">Contacto<\/h1><\/div>\n<\/div><\/div>\n\n\n\n<div class=\"wp-block-uagb-container uagb-block-d4a36fc5 alignfull uagb-is-root-container\"><div class=\"uagb-container-inner-blocks-wrap\">\n<div class=\"wp-block-uagb-container uagb-block-5e516bf9\">\n<div class=\"wp-block-uagb-container uagb-block-a6c504e5\">\n<div class=\"wp-block-uagb-info-box uagb-block-a0dc3465 uagb-infobox__content-wrap  uagb-infobox-icon-above-title uagb-infobox-image-valign-top\"><div class=\"uagb-ifb-content\"><div class=\"uagb-ifb-title-wrap\"><h3 class=\"uagb-ifb-title\">Email<\/h3><\/div><p class=\"uagb-ifb-desc\">info@cochesdebodasaranjuez.com<\/p><\/div><\/div>\n\n\n\n<div class=\"wp-block-uagb-advanced-heading uagb-block-7dec36f9\"><h3 class=\"uagb-heading-text\"><a href=\"https:\/\/wa.me\/message\/SXGTWJ3EZQMCJ1\" target=\"_blank\" rel=\"noreferrer noopener\">Tel\u00e9fono<\/a><\/h3><\/div>\n\n\n\n<div class=\"wp-block-uagb-buttons uagb-buttons__outer-wrap uagb-btn__default-btn uagb-btn-tablet__default-btn uagb-btn-mobile__default-btn uagb-block-1ca9c31a\"><div class=\"uagb-buttons__wrap uagb-buttons-layout-wrap \">\n<div class=\"wp-block-uagb-buttons-child uagb-buttons__outer-wrap uagb-block-51cd35eb wp-block-button\"><div class=\"uagb-button__wrapper\"><a class=\"uagb-buttons-repeater wp-block-button__link\" aria-label=\"\" href=\"https:\/\/wa.me\/message\/SXGTWJ3EZQMCJ1\" rel=\"follow noopener\" target=\"_blank\" role=\"button\"><span class=\"uagb-button__icon uagb-button__icon-position-before\"><svg xmlns=\"https:\/\/www.w3.org\/2000\/svg\" viewBox=\"0 0 448 512\" aria-hidden=\"true\" focussable=\"false\"><path d=\"M380.9 97.1C339 55.1 283.2 32 223.9 32c-122.4 0-222 99.6-222 222 0 39.1 10.2 77.3 29.6 111L0 480l117.7-30.9c32.4 17.7 68.9 27 106.1 27h.1c122.3 0 224.1-99.6 224.1-222 0-59.3-25.2-115-67.1-157zm-157 341.6c-33.2 0-65.7-8.9-94-25.7l-6.7-4-69.8 18.3L72 359.2l-4.4-7c-18.5-29.4-28.2-63.3-28.2-98.2 0-101.7 82.8-184.5 184.6-184.5 49.3 0 95.6 19.2 130.4 54.1 34.8 34.9 56.2 81.2 56.1 130.5 0 101.8-84.9 184.6-186.6 184.6zm101.2-138.2c-5.5-2.8-32.8-16.2-37.9-18-5.1-1.9-8.8-2.8-12.5 2.8-3.7 5.6-14.3 18-17.6 21.8-3.2 3.7-6.5 4.2-12 1.4-32.6-16.3-54-29.1-75.5-66-5.7-9.8 5.7-9.1 16.3-30.3 1.8-3.7 .9-6.9-.5-9.7-1.4-2.8-12.5-30.1-17.1-41.2-4.5-10.8-9.1-9.3-12.5-9.5-3.2-.2-6.9-.2-10.6-.2-3.7 0-9.7 1.4-14.8 6.9-5.1 5.6-19.4 19-19.4 46.3 0 27.3 19.9 53.7 22.6 57.4 2.8 3.7 39.1 59.7 94.8 83.8 35.2 15.2 49 16.5 66.6 13.9 10.7-1.6 32.8-13.4 37.4-26.4 4.6-13 4.6-24.1 3.2-26.4-1.3-2.5-5-3.9-10.5-6.6z\"><\/path><\/svg><\/span><div class=\"uagb-button__link\">Whatsapp<\/div><\/a><\/div><\/div>\n<\/div><\/div>\n\n\n\n<div class=\"wp-block-uagb-advanced-heading uagb-block-82329418\"><h3 class=\"uagb-heading-text\"><a href=\"https:\/\/linktr.ee\/cochesdebodasaranjuez\" target=\"_blank\" rel=\"noreferrer noopener\">Redes Sociales<\/a><\/h3><\/div>\n\n\n\n<div class=\"wp-block-uagb-buttons uagb-buttons__outer-wrap uagb-btn__default-btn uagb-btn-tablet__default-btn uagb-btn-mobile__default-btn uagb-block-d346a805\"><div class=\"uagb-buttons__wrap uagb-buttons-layout-wrap \">\n<div class=\"wp-block-uagb-buttons-child uagb-buttons__outer-wrap uagb-block-45eb88b8 wp-block-button\"><div class=\"uagb-button__wrapper\"><a class=\"uagb-buttons-repeater wp-block-button__link\" aria-label=\"\" href=\"https:\/\/linktr.ee\/cochesdebodasaranjuez\" rel=\"follow noopener\" target=\"_blank\" role=\"button\"><span class=\"uagb-button__icon uagb-button__icon-position-before\"><svg xmlns=\"https:\/\/www.w3.org\/2000\/svg\" viewBox=\"0 0 576 512\" aria-hidden=\"true\" focussable=\"false\"><path d=\"M544 32h-112l-32-32H320c-17.62 0-32 14.38-32 32v160c0 17.62 14.38 32 32 32h224c17.62 0 32-14.38 32-32V64C576 46.38 561.6 32 544 32zM544 320h-112l-32-32H320c-17.62 0-32 14.38-32 32v160c0 17.62 14.38 32 32 32h224c17.62 0 32-14.38 32-32v-128C576 334.4 561.6 320 544 320zM64 16C64 7.125 56.88 0 48 0h-32C7.125 0 0 7.125 0 16V416c0 17.62 14.38 32 32 32h224v-64H64V160h192V96H64V16z\"><\/path><\/svg><\/span><div class=\"uagb-button__link\">Link TRee<\/div><\/a><\/div><\/div>\n<\/div><\/div>\n<\/div>\n<\/div>\n<\/div><\/div>\n","protected":false},"excerpt":{"rendered":"<p>Contacto Tel\u00e9fono Redes Sociales<\/p>\n","protected":false},"author":1,"featured_media":0,"parent":0,"menu_order":0,"comment_status":"closed","ping_status":"closed","template":"","meta":{"_uag_custom_page_level_css":"","_monsterinsights_skip_tracking":false,"_monsterinsights_sitenote_active":false,"_monsterinsights_sitenote_note":"","_monsterinsights_sitenote_category":0,"site-sidebar-layout":"no-sidebar","site-content-layout":"plain-container","ast-global-header-display":"","ast-main-header-display":"","ast-hfb-above-header-display":"","ast-hfb-below-header-display":"","ast-hfb-mobile-header-display":"","site-post-title":"disabled","ast-breadcrumbs-content":"","ast-featured-img":"disabled","footer-sml-layout":"","theme-transparent-header-meta":"enabled","adv-header-id-meta":"","stick-header-meta":"","header-above-stick-meta":"","header-main-stick-meta":"","header-below-stick-meta":"","footnotes":""},"class_list":["post-1197","page","type-page","status-publish","hentry"],"yoast_head":"<!-- This site is optimized with the Yoast SEO plugin v27.3 - https:\/\/yoast.com\/product\/yoast-seo-wordpress\/ -->\n<title>Contacto - Coches De Bodas Aranjuez<\/title>\n<meta name=\"description\" content=\"\u00a1M\u00e1ndanos un mensaje! Contacta con nosotros a trav\u00e9s de E-mail, Whatsapp o Redes sociales como Facebook, Instagram o TikTok.\" \/>\n<meta name=\"robots\" content=\"index, follow, max-snippet:-1, max-image-preview:large, max-video-preview:-1\" \/>\n<link rel=\"canonical\" href=\"https:\/\/cochesdebodasaranjuez.com\/index.php\/contacto\/\" \/>\n<meta property=\"og:locale\" content=\"es_ES\" \/>\n<meta property=\"og:type\" content=\"article\" \/>\n<meta property=\"og:title\" content=\"Contacto - Coches De Bodas Aranjuez\" \/>\n<meta property=\"og:description\" content=\"\u00a1M\u00e1ndanos un mensaje! Contacta con nosotros a trav\u00e9s de E-mail, Whatsapp o Redes sociales como Facebook, Instagram o TikTok.\" \/>\n<meta property=\"og:url\" content=\"https:\/\/cochesdebodasaranjuez.com\/index.php\/contacto\/\" \/>\n<meta property=\"og:site_name\" content=\"Coches De Bodas Aranjuez\" \/>\n<meta property=\"article:publisher\" content=\"https:\/\/www.facebook.com\/people\/Coches-De-Bodas-Aranjuez\/100090107986653\/\" \/>\n<meta property=\"article:modified_time\" content=\"2025-09-30T13:48:33+00:00\" \/>\n<meta name=\"twitter:card\" content=\"summary_large_image\" \/>\n<meta name=\"twitter:label1\" content=\"Tiempo de lectura\" \/>\n\t<meta name=\"twitter:data1\" content=\"1 minuto\" \/>\n<script type=\"application\/ld+json\" class=\"yoast-schema-graph\">{\"@context\":\"https:\\\/\\\/schema.org\",\"@graph\":[{\"@type\":\"WebPage\",\"@id\":\"https:\\\/\\\/cochesdebodasaranjuez.com\\\/index.php\\\/contacto\\\/\",\"url\":\"https:\\\/\\\/cochesdebodasaranjuez.com\\\/index.php\\\/contacto\\\/\",\"name\":\"Contacto - Coches De Bodas Aranjuez\",\"isPartOf\":{\"@id\":\"https:\\\/\\\/cochesdebodasaranjuez.com\\\/#website\"},\"datePublished\":\"2022-02-01T11:10:47+00:00\",\"dateModified\":\"2025-09-30T13:48:33+00:00\",\"description\":\"\u00a1M\u00e1ndanos un mensaje! Contacta con nosotros a trav\u00e9s de E-mail, Whatsapp o Redes sociales como Facebook, Instagram o TikTok.\",\"breadcrumb\":{\"@id\":\"https:\\\/\\\/cochesdebodasaranjuez.com\\\/index.php\\\/contacto\\\/#breadcrumb\"},\"inLanguage\":\"es\",\"potentialAction\":[{\"@type\":\"ReadAction\",\"target\":[\"https:\\\/\\\/cochesdebodasaranjuez.com\\\/index.php\\\/contacto\\\/\"]}]},{\"@type\":\"BreadcrumbList\",\"@id\":\"https:\\\/\\\/cochesdebodasaranjuez.com\\\/index.php\\\/contacto\\\/#breadcrumb\",\"itemListElement\":[{\"@type\":\"ListItem\",\"position\":1,\"name\":\"Portada\",\"item\":\"https:\\\/\\\/cochesdebodasaranjuez.com\\\/\"},{\"@type\":\"ListItem\",\"position\":2,\"name\":\"Contacto\"}]},{\"@type\":\"WebSite\",\"@id\":\"https:\\\/\\\/cochesdebodasaranjuez.com\\\/#website\",\"url\":\"https:\\\/\\\/cochesdebodasaranjuez.com\\\/\",\"name\":\"Coches De Bodas Aranjuez\",\"description\":\"Alquiler de Coches de Lujo con Ch\u00f3fer para Bodas, Eventos, Rodajes... Ofrecemos una selecci\u00f3n de veh\u00edculos de diferentes \u00e9pocas, de marcas tan prestigiosas como Bentley o Rolls Royce.\",\"publisher\":{\"@id\":\"https:\\\/\\\/cochesdebodasaranjuez.com\\\/#organization\"},\"potentialAction\":[{\"@type\":\"SearchAction\",\"target\":{\"@type\":\"EntryPoint\",\"urlTemplate\":\"https:\\\/\\\/cochesdebodasaranjuez.com\\\/?s={search_term_string}\"},\"query-input\":{\"@type\":\"PropertyValueSpecification\",\"valueRequired\":true,\"valueName\":\"search_term_string\"}}],\"inLanguage\":\"es\"},{\"@type\":\"Organization\",\"@id\":\"https:\\\/\\\/cochesdebodasaranjuez.com\\\/#organization\",\"name\":\"Coches de bodas Aranjuez\",\"url\":\"https:\\\/\\\/cochesdebodasaranjuez.com\\\/\",\"logo\":{\"@type\":\"ImageObject\",\"inLanguage\":\"es\",\"@id\":\"https:\\\/\\\/cochesdebodasaranjuez.com\\\/#\\\/schema\\\/logo\\\/image\\\/\",\"url\":\"https:\\\/\\\/cochesdebodasaranjuez.com\\\/wp-content\\\/uploads\\\/2023\\\/02\\\/cropped-image-4.png\",\"contentUrl\":\"https:\\\/\\\/cochesdebodasaranjuez.com\\\/wp-content\\\/uploads\\\/2023\\\/02\\\/cropped-image-4.png\",\"width\":512,\"height\":512,\"caption\":\"Coches de bodas Aranjuez\"},\"image\":{\"@id\":\"https:\\\/\\\/cochesdebodasaranjuez.com\\\/#\\\/schema\\\/logo\\\/image\\\/\"},\"sameAs\":[\"https:\\\/\\\/www.facebook.com\\\/people\\\/Coches-De-Bodas-Aranjuez\\\/100090107986653\\\/\",\"https:\\\/\\\/www.instagram.com\\\/cochesdebodasaranjuez\\\/\",\"https:\\\/\\\/www.tiktok.com\\\/@cochesdebodasaranjuez\"]}]}<\/script>\n<!-- \/ Yoast SEO plugin. -->","yoast_head_json":{"title":"Contacto - Coches De Bodas Aranjuez","description":"\u00a1M\u00e1ndanos un mensaje! Contacta con nosotros a trav\u00e9s de E-mail, Whatsapp o Redes sociales como Facebook, Instagram o TikTok.","robots":{"index":"index","follow":"follow","max-snippet":"max-snippet:-1","max-image-preview":"max-image-preview:large","max-video-preview":"max-video-preview:-1"},"canonical":"https:\/\/cochesdebodasaranjuez.com\/index.php\/contacto\/","og_locale":"es_ES","og_type":"article","og_title":"Contacto - Coches De Bodas Aranjuez","og_description":"\u00a1M\u00e1ndanos un mensaje! Contacta con nosotros a trav\u00e9s de E-mail, Whatsapp o Redes sociales como Facebook, Instagram o TikTok.","og_url":"https:\/\/cochesdebodasaranjuez.com\/index.php\/contacto\/","og_site_name":"Coches De Bodas Aranjuez","article_publisher":"https:\/\/www.facebook.com\/people\/Coches-De-Bodas-Aranjuez\/100090107986653\/","article_modified_time":"2025-09-30T13:48:33+00:00","twitter_card":"summary_large_image","twitter_misc":{"Tiempo de lectura":"1 minuto"},"schema":{"@context":"https:\/\/schema.org","@graph":[{"@type":"WebPage","@id":"https:\/\/cochesdebodasaranjuez.com\/index.php\/contacto\/","url":"https:\/\/cochesdebodasaranjuez.com\/index.php\/contacto\/","name":"Contacto - Coches De Bodas Aranjuez","isPartOf":{"@id":"https:\/\/cochesdebodasaranjuez.com\/#website"},"datePublished":"2022-02-01T11:10:47+00:00","dateModified":"2025-09-30T13:48:33+00:00","description":"\u00a1M\u00e1ndanos un mensaje! Contacta con nosotros a trav\u00e9s de E-mail, Whatsapp o Redes sociales como Facebook, Instagram o TikTok.","breadcrumb":{"@id":"https:\/\/cochesdebodasaranjuez.com\/index.php\/contacto\/#breadcrumb"},"inLanguage":"es","potentialAction":[{"@type":"ReadAction","target":["https:\/\/cochesdebodasaranjuez.com\/index.php\/contacto\/"]}]},{"@type":"BreadcrumbList","@id":"https:\/\/cochesdebodasaranjuez.com\/index.php\/contacto\/#breadcrumb","itemListElement":[{"@type":"ListItem","position":1,"name":"Portada","item":"https:\/\/cochesdebodasaranjuez.com\/"},{"@type":"ListItem","position":2,"name":"Contacto"}]},{"@type":"WebSite","@id":"https:\/\/cochesdebodasaranjuez.com\/#website","url":"https:\/\/cochesdebodasaranjuez.com\/","name":"Coches De Bodas Aranjuez","description":"Alquiler de Coches de Lujo con Ch\u00f3fer para Bodas, Eventos, Rodajes... Ofrecemos una selecci\u00f3n de veh\u00edculos de diferentes \u00e9pocas, de marcas tan prestigiosas como Bentley o Rolls Royce.","publisher":{"@id":"https:\/\/cochesdebodasaranjuez.com\/#organization"},"potentialAction":[{"@type":"SearchAction","target":{"@type":"EntryPoint","urlTemplate":"https:\/\/cochesdebodasaranjuez.com\/?s={search_term_string}"},"query-input":{"@type":"PropertyValueSpecification","valueRequired":true,"valueName":"search_term_string"}}],"inLanguage":"es"},{"@type":"Organization","@id":"https:\/\/cochesdebodasaranjuez.com\/#organization","name":"Coches de bodas Aranjuez","url":"https:\/\/cochesdebodasaranjuez.com\/","logo":{"@type":"ImageObject","inLanguage":"es","@id":"https:\/\/cochesdebodasaranjuez.com\/#\/schema\/logo\/image\/","url":"https:\/\/cochesdebodasaranjuez.com\/wp-content\/uploads\/2023\/02\/cropped-image-4.png","contentUrl":"https:\/\/cochesdebodasaranjuez.com\/wp-content\/uploads\/2023\/02\/cropped-image-4.png","width":512,"height":512,"caption":"Coches de bodas Aranjuez"},"image":{"@id":"https:\/\/cochesdebodasaranjuez.com\/#\/schema\/logo\/image\/"},"sameAs":["https:\/\/www.facebook.com\/people\/Coches-De-Bodas-Aranjuez\/100090107986653\/","https:\/\/www.instagram.com\/cochesdebodasaranjuez\/","https:\/\/www.tiktok.com\/@cochesdebodasaranjuez"]}]}},"uagb_featured_image_src":{"full":false,"thumbnail":false,"medium":false,"medium_large":false,"large":false,"1536x1536":false,"2048x2048":false},"uagb_author_info":{"display_name":"pabloAdmin","author_link":"https:\/\/cochesdebodasaranjuez.com\/index.php\/author\/pabloadmin\/"},"uagb_comment_info":0,"uagb_excerpt":"Contacto Tel\u00e9fono Redes Sociales","jetpack_sharing_enabled":true,"_links":{"self":[{"href":"https:\/\/cochesdebodasaranjuez.com\/index.php\/wp-json\/wp\/v2\/pages\/1197","targetHints":{"allow":["GET"]}}],"collection":[{"href":"https:\/\/cochesdebodasaranjuez.com\/index.php\/wp-json\/wp\/v2\/pages"}],"about":[{"href":"https:\/\/cochesdebodasaranjuez.com\/index.php\/wp-json\/wp\/v2\/types\/page"}],"author":[{"embeddable":true,"href":"https:\/\/cochesdebodasaranjuez.com\/index.php\/wp-json\/wp\/v2\/users\/1"}],"replies":[{"embeddable":true,"href":"https:\/\/cochesdebodasaranjuez.com\/index.php\/wp-json\/wp\/v2\/comments?post=1197"}],"version-history":[{"count":27,"href":"https:\/\/cochesdebodasaranjuez.com\/index.php\/wp-json\/wp\/v2\/pages\/1197\/revisions"}],"predecessor-version":[{"id":2118,"href":"https:\/\/cochesdebodasaranjuez.com\/index.php\/wp-json\/wp\/v2\/pages\/1197\/revisions\/2118"}],"wp:attachment":[{"href":"https:\/\/cochesdebodasaranjuez.com\/index.php\/wp-json\/wp\/v2\/media?parent=1197"}],"curies":[{"name":"wp","href":"https:\/\/api.w.org\/{rel}","templated":true}]}}