{"id":1766,"date":"2023-02-12T18:21:46","date_gmt":"2023-02-12T18:21:46","guid":{"rendered":"https:\/\/cochesdebodasaranjuez.com\/?page_id=1766"},"modified":"2024-06-12T22:30:29","modified_gmt":"2024-06-12T20:30:29","slug":"politicas-de-usuario","status":"publish","type":"page","link":"https:\/\/cochesdebodasaranjuez.com\/index.php\/politicas-de-usuario\/","title":{"rendered":"Pol\u00edticas de usuario"},"content":{"rendered":"\n<div class=\"wp-block-uagb-advanced-heading uagb-block-6d4efc2e\"><h2 class=\"uagb-heading-text\">Pol\u00edticas de usuario<\/h2><\/div>\n\n\n\n<div class=\"wp-block-uagb-icon-list uagb-block-c909a207\"><div class=\"uagb-icon-list__wrap\">\n<div class=\"wp-block-uagb-icon-list-child uagb-block-0dbc0f41\"><span class=\"uagb-icon-list__source-wrap\"><svg xmlns=\"https:\/\/www.w3.org\/2000\/svg\" viewBox=\"0 0 512 512\"><path d=\"M256 0C114.6 0 0 114.6 0 256c0 141.4 114.6 256 256 256s256-114.6 256-256C512 114.6 397.4 0 256 0zM406.6 278.6l-103.1 103.1c-12.5 12.5-32.75 12.5-45.25 0s-12.5-32.75 0-45.25L306.8 288H128C110.3 288 96 273.7 96 256s14.31-32 32-32h178.8l-49.38-49.38c-12.5-12.5-12.5-32.75 0-45.25s32.75-12.5 45.25 0l103.1 103.1C414.6 241.3 416 251.1 416 256C416 260.9 414.6 270.7 406.6 278.6z\"><\/path><\/svg><\/span><span class=\"uagb-icon-list__label\">Para la contrataci\u00f3n de nuestros servicios, contacte con nosotros para concretar fecha, hora, lugar de ceremonia y dem\u00e1s para concretar todo detalle.<\/span><\/div>\n\n\n\n<div class=\"wp-block-uagb-icon-list-child uagb-block-d07e9950\"><span class=\"uagb-icon-list__source-wrap\"><svg xmlns=\"https:\/\/www.w3.org\/2000\/svg\" viewBox=\"0 0 512 512\"><path d=\"M256 0C114.6 0 0 114.6 0 256c0 141.4 114.6 256 256 256s256-114.6 256-256C512 114.6 397.4 0 256 0zM406.6 278.6l-103.1 103.1c-12.5 12.5-32.75 12.5-45.25 0s-12.5-32.75 0-45.25L306.8 288H128C110.3 288 96 273.7 96 256s14.31-32 32-32h178.8l-49.38-49.38c-12.5-12.5-12.5-32.75 0-45.25s32.75-12.5 45.25 0l103.1 103.1C414.6 241.3 416 251.1 416 256C416 260.9 414.6 270.7 406.6 278.6z\"><\/path><\/svg><\/span><span class=\"uagb-icon-list__label\">En el momento de la reserva se dejar\u00e1 abonado un 50% del precio del servicio. \u00c9sta no ser\u00e1 reembolsable en caso de cancelaci\u00f3n. (A excepci\u00f3n de haber contratado el Seguro de Cancelaci\u00f3n, el cual permite cancelar el servicio hasta 1 d\u00eda antes con reembolso total excepto el propio seguro de cancelaci\u00f3n.)<\/span><\/div>\n\n\n\n<div class=\"wp-block-uagb-icon-list-child uagb-block-93e86203\"><span class=\"uagb-icon-list__source-wrap\"><svg xmlns=\"https:\/\/www.w3.org\/2000\/svg\" viewBox=\"0 0 512 512\"><path d=\"M256 0C114.6 0 0 114.6 0 256c0 141.4 114.6 256 256 256s256-114.6 256-256C512 114.6 397.4 0 256 0zM406.6 278.6l-103.1 103.1c-12.5 12.5-32.75 12.5-45.25 0s-12.5-32.75 0-45.25L306.8 288H128C110.3 288 96 273.7 96 256s14.31-32 32-32h178.8l-49.38-49.38c-12.5-12.5-12.5-32.75 0-45.25s32.75-12.5 45.25 0l103.1 103.1C414.6 241.3 416 251.1 416 256C416 260.9 414.6 270.7 406.6 278.6z\"><\/path><\/svg><\/span><span class=\"uagb-icon-list__label\">La totalidad de la reserva ha de ser abonada como muy tarde 5 d\u00edas laborables antes del d\u00eda de la ceremonia.<\/span><\/div>\n\n\n\n<div class=\"wp-block-uagb-icon-list-child uagb-block-959fbe80\"><span class=\"uagb-icon-list__source-wrap\"><svg xmlns=\"https:\/\/www.w3.org\/2000\/svg\" viewBox=\"0 0 512 512\"><path d=\"M256 0C114.6 0 0 114.6 0 256c0 141.4 114.6 256 256 256s256-114.6 256-256C512 114.6 397.4 0 256 0zM406.6 278.6l-103.1 103.1c-12.5 12.5-32.75 12.5-45.25 0s-12.5-32.75 0-45.25L306.8 288H128C110.3 288 96 273.7 96 256s14.31-32 32-32h178.8l-49.38-49.38c-12.5-12.5-12.5-32.75 0-45.25s32.75-12.5 45.25 0l103.1 103.1C414.6 241.3 416 251.1 416 256C416 260.9 414.6 270.7 406.6 278.6z\"><\/path><\/svg><\/span><span class=\"uagb-icon-list__label\">Cada veh\u00edculo tiene un coste distinto.<\/span><\/div>\n\n\n\n<div class=\"wp-block-uagb-icon-list-child uagb-block-07274e79\"><span class=\"uagb-icon-list__source-wrap\"><svg xmlns=\"https:\/\/www.w3.org\/2000\/svg\" viewBox=\"0 0 512 512\"><path d=\"M256 0C114.6 0 0 114.6 0 256c0 141.4 114.6 256 256 256s256-114.6 256-256C512 114.6 397.4 0 256 0zM406.6 278.6l-103.1 103.1c-12.5 12.5-32.75 12.5-45.25 0s-12.5-32.75 0-45.25L306.8 288H128C110.3 288 96 273.7 96 256s14.31-32 32-32h178.8l-49.38-49.38c-12.5-12.5-12.5-32.75 0-45.25s32.75-12.5 45.25 0l103.1 103.1C414.6 241.3 416 251.1 416 256C416 260.9 414.6 270.7 406.6 278.6z\"><\/path><\/svg><\/span><span class=\"uagb-icon-list__label\">El precio del presupuesto depender\u00e1 de la distancia que se tenga que recorrer con el veh\u00edculo.<br>No conllevar\u00e1 suplemento si el evento se encuentra a un m\u00e1ximo de 30km de Aranjuez. (Donde se encuentra nuestra base)<\/span><\/div>\n\n\n\n<div class=\"wp-block-uagb-icon-list-child uagb-block-1c15e93f\"><span class=\"uagb-icon-list__source-wrap\"><svg xmlns=\"https:\/\/www.w3.org\/2000\/svg\" viewBox=\"0 0 512 512\"><path d=\"M256 0C114.6 0 0 114.6 0 256c0 141.4 114.6 256 256 256s256-114.6 256-256C512 114.6 397.4 0 256 0zM406.6 278.6l-103.1 103.1c-12.5 12.5-32.75 12.5-45.25 0s-12.5-32.75 0-45.25L306.8 288H128C110.3 288 96 273.7 96 256s14.31-32 32-32h178.8l-49.38-49.38c-12.5-12.5-12.5-32.75 0-45.25s32.75-12.5 45.25 0l103.1 103.1C414.6 241.3 416 251.1 416 256C416 260.9 414.6 270.7 406.6 278.6z\"><\/path><\/svg><\/span><span class=\"uagb-icon-list__label\">El precio para rodajes, eventos, paseos, reportajes\u2026 depender\u00e1 de las necesidades del cliente. Toda pregunta se responder\u00e1 sin compromiso. Contacte con nosotros.<\/span><\/div>\n\n\n\n<div class=\"wp-block-uagb-icon-list-child uagb-block-4492fd1a\"><span class=\"uagb-icon-list__source-wrap\"><svg xmlns=\"https:\/\/www.w3.org\/2000\/svg\" viewBox=\"0 0 512 512\"><path d=\"M256 0C114.6 0 0 114.6 0 256c0 141.4 114.6 256 256 256s256-114.6 256-256C512 114.6 397.4 0 256 0zM406.6 278.6l-103.1 103.1c-12.5 12.5-32.75 12.5-45.25 0s-12.5-32.75 0-45.25L306.8 288H128C110.3 288 96 273.7 96 256s14.31-32 32-32h178.8l-49.38-49.38c-12.5-12.5-12.5-32.75 0-45.25s32.75-12.5 45.25 0l103.1 103.1C414.6 241.3 416 251.1 416 256C416 260.9 414.6 270.7 406.6 278.6z\"><\/path><\/svg><\/span><span class=\"uagb-icon-list__label\">Nuestros veh\u00edculos siempre ser\u00e1n alquilados con un ch\u00f3fer que proporcionaremos nosotros.<\/span><\/div>\n\n\n\n<div class=\"wp-block-uagb-icon-list-child uagb-block-976e78a4\"><span class=\"uagb-icon-list__source-wrap\"><svg xmlns=\"https:\/\/www.w3.org\/2000\/svg\" viewBox=\"0 0 512 512\"><path d=\"M256 0C114.6 0 0 114.6 0 256c0 141.4 114.6 256 256 256s256-114.6 256-256C512 114.6 397.4 0 256 0zM406.6 278.6l-103.1 103.1c-12.5 12.5-32.75 12.5-45.25 0s-12.5-32.75 0-45.25L306.8 288H128C110.3 288 96 273.7 96 256s14.31-32 32-32h178.8l-49.38-49.38c-12.5-12.5-12.5-32.75 0-45.25s32.75-12.5 45.25 0l103.1 103.1C414.6 241.3 416 251.1 416 256C416 260.9 414.6 270.7 406.6 278.6z\"><\/path><\/svg><\/span><span class=\"uagb-icon-list__label\">La empresa se reserva el derecho a cambiar de coche por otros de similares caracter\u00edsticas en caso de imprevisto o necesidad.<\/span><\/div>\n\n\n\n<div class=\"wp-block-uagb-icon-list-child uagb-block-e99304a5\"><span class=\"uagb-icon-list__source-wrap\"><svg xmlns=\"https:\/\/www.w3.org\/2000\/svg\" viewBox=\"0 0 512 512\"><path d=\"M256 0C114.6 0 0 114.6 0 256c0 141.4 114.6 256 256 256s256-114.6 256-256C512 114.6 397.4 0 256 0zM406.6 278.6l-103.1 103.1c-12.5 12.5-32.75 12.5-45.25 0s-12.5-32.75 0-45.25L306.8 288H128C110.3 288 96 273.7 96 256s14.31-32 32-32h178.8l-49.38-49.38c-12.5-12.5-12.5-32.75 0-45.25s32.75-12.5 45.25 0l103.1 103.1C414.6 241.3 416 251.1 416 256C416 260.9 414.6 270.7 406.6 278.6z\"><\/path><\/svg><\/span><span class=\"uagb-icon-list__label\">En los Paseos Tur\u00edsticos se establece un tiempo m\u00e1ximo de \u00e9ste, si es superado habr\u00e1 que abonarlo tras la ceremonia.<\/span><\/div>\n\n\n\n<div class=\"wp-block-uagb-icon-list-child uagb-block-03955529\"><span class=\"uagb-icon-list__source-wrap\"><svg xmlns=\"https:\/\/www.w3.org\/2000\/svg\" viewBox=\"0 0 512 512\"><path d=\"M256 0C114.6 0 0 114.6 0 256c0 141.4 114.6 256 256 256s256-114.6 256-256C512 114.6 397.4 0 256 0zM406.6 278.6l-103.1 103.1c-12.5 12.5-32.75 12.5-45.25 0s-12.5-32.75 0-45.25L306.8 288H128C110.3 288 96 273.7 96 256s14.31-32 32-32h178.8l-49.38-49.38c-12.5-12.5-12.5-32.75 0-45.25s32.75-12.5 45.25 0l103.1 103.1C414.6 241.3 416 251.1 416 256C416 260.9 414.6 270.7 406.6 278.6z\"><\/path><\/svg><\/span><span class=\"uagb-icon-list__label\">Todo desperfecto provocado en el veh\u00edculo por culpa del cliente ser\u00e1 total responsabilidad de este y debe abonarlo tras la ceremonia <\/span><\/div>\n\n\n\n<div class=\"wp-block-uagb-icon-list-child uagb-block-984e1c4f\"><span class=\"uagb-icon-list__source-wrap\"><svg xmlns=\"https:\/\/www.w3.org\/2000\/svg\" viewBox=\"0 0 512 512\"><path d=\"M256 0C114.6 0 0 114.6 0 256c0 141.4 114.6 256 256 256s256-114.6 256-256C512 114.6 397.4 0 256 0zM406.6 278.6l-103.1 103.1c-12.5 12.5-32.75 12.5-45.25 0s-12.5-32.75 0-45.25L306.8 288H128C110.3 288 96 273.7 96 256s14.31-32 32-32h178.8l-49.38-49.38c-12.5-12.5-12.5-32.75 0-45.25s32.75-12.5 45.25 0l103.1 103.1C414.6 241.3 416 251.1 416 256C416 260.9 414.6 270.7 406.6 278.6z\"><\/path><\/svg><\/span><span class=\"uagb-icon-list__label\">Al contratar uno de nuestros servicios se entiende que se han le\u00eddo estas pol\u00edticas y el desconocimiento de \u00e9stas no exime al cliente de su cumplimiento.<\/span><\/div>\n<\/div><\/div>\n\n\n\n<div class=\"wp-block-uagb-buttons uagb-buttons__outer-wrap uagb-btn__default-btn uagb-btn-tablet__default-btn uagb-btn-mobile__default-btn uagb-block-702c5ffa\"><div class=\"uagb-buttons__wrap uagb-buttons-layout-wrap \">\n<div class=\"wp-block-uagb-buttons-child uagb-buttons__outer-wrap uagb-block-aa77bbef wp-block-button\"><div class=\"uagb-button__wrapper\"><a class=\"uagb-buttons-repeater wp-block-button__link\" aria-label=\"\" href=\"contacto\" rel=\"follow noopener\" target=\"_self\" role=\"button\"><div class=\"uagb-button__link\">Contacte con nosotros<\/div><\/a><\/div><\/div>\n\n\n\n<div class=\"wp-block-uagb-buttons-child uagb-buttons__outer-wrap uagb-block-1c306e43 wp-block-button\"><div class=\"uagb-button__wrapper\"><a class=\"uagb-buttons-repeater wp-block-button__link\" aria-label=\"\" href=\"#\" rel=\"follow noopener\" target=\"_self\" role=\"button\"><div class=\"uagb-button__link\">nuestros servicios<\/div><\/a><\/div><\/div>\n<\/div><\/div>\n\n\n\n<div class=\"wp-block-uagb-image uagb-block-0c50ab58 wp-block-uagb-image--layout-default wp-block-uagb-image--effect-static wp-block-uagb-image--align-none\"><figure class=\"wp-block-uagb-image__figure\"><img data-recalc-dims=\"1\" decoding=\"async\" srcset=\"https:\/\/cochesdebodasaranjuez.com\/wp-content\/uploads\/2023\/02\/boda-michelle-ignacio-sergio-cueto-0006-1-1024x684.jpg \" sizes=\"auto, (max-width: 480px) 150px\" src=\"https:\/\/i0.wp.com\/cochesdebodasaranjuez.com\/wp-content\/uploads\/2023\/02\/boda-michelle-ignacio-sergio-cueto-0006-1.jpg?resize=1024%2C684&#038;ssl=1\" alt=\"\" class=\"uag-image-1949\" width=\"1024\" height=\"684\" title=\"\" loading=\"lazy\" role=\"img\"\/><\/figure><\/div>\n","protected":false},"excerpt":{"rendered":"<p>Pol\u00edticas de usuario<\/p>\n","protected":false},"author":1,"featured_media":0,"parent":0,"menu_order":0,"comment_status":"closed","ping_status":"closed","template":"","meta":{"_uag_custom_page_level_css":"","_monsterinsights_skip_tracking":false,"_monsterinsights_sitenote_active":false,"_monsterinsights_sitenote_note":"","_monsterinsights_sitenote_category":0,"site-sidebar-layout":"default","site-content-layout":"default","ast-global-header-display":"","ast-main-header-display":"","ast-hfb-above-header-display":"","ast-hfb-below-header-display":"","ast-hfb-mobile-header-display":"","site-post-title":"disabled","ast-breadcrumbs-content":"","ast-featured-img":"","footer-sml-layout":"","theme-transparent-header-meta":"","adv-header-id-meta":"","stick-header-meta":"","header-above-stick-meta":"","header-main-stick-meta":"","header-below-stick-meta":"","footnotes":""},"class_list":["post-1766","page","type-page","status-publish","hentry"],"yoast_head":"<!-- This site is optimized with the Yoast SEO plugin v27.3 - https:\/\/yoast.com\/product\/yoast-seo-wordpress\/ -->\n<title>Pol\u00edticas de usuario - Coches De Bodas Aranjuez<\/title>\n<meta name=\"description\" content=\"Tanto como nosotros tenemos que cumplir unos m\u00ednimos, como usuarios tambi\u00e9n hay una serie de normas que hay que cumplir.\" \/>\n<meta name=\"robots\" content=\"noindex, follow\" \/>\n<meta property=\"og:locale\" content=\"es_ES\" \/>\n<meta property=\"og:type\" content=\"article\" \/>\n<meta property=\"og:title\" content=\"Pol\u00edticas de usuario - Coches De Bodas Aranjuez\" \/>\n<meta property=\"og:description\" content=\"Tanto como nosotros tenemos que cumplir unos m\u00ednimos, como usuarios tambi\u00e9n hay una serie de normas que hay que cumplir.\" \/>\n<meta property=\"og:url\" content=\"https:\/\/cochesdebodasaranjuez.com\/index.php\/politicas-de-usuario\/\" \/>\n<meta property=\"og:site_name\" content=\"Coches De Bodas Aranjuez\" \/>\n<meta property=\"article:publisher\" content=\"https:\/\/www.facebook.com\/people\/Coches-De-Bodas-Aranjuez\/100090107986653\/\" \/>\n<meta property=\"article:modified_time\" content=\"2024-06-12T20:30:29+00:00\" \/>\n<meta property=\"og:image\" content=\"https:\/\/cochesdebodasaranjuez.com\/wp-content\/uploads\/2023\/02\/boda-michelle-ignacio-sergio-cueto-0006-1-1024x684.jpg\" \/>\n<meta name=\"twitter:card\" content=\"summary_large_image\" \/>\n<meta name=\"twitter:label1\" content=\"Tiempo de lectura\" \/>\n\t<meta name=\"twitter:data1\" content=\"2 minutos\" \/>\n<script type=\"application\/ld+json\" class=\"yoast-schema-graph\">{\"@context\":\"https:\\\/\\\/schema.org\",\"@graph\":[{\"@type\":\"WebPage\",\"@id\":\"https:\\\/\\\/cochesdebodasaranjuez.com\\\/index.php\\\/politicas-de-usuario\\\/\",\"url\":\"https:\\\/\\\/cochesdebodasaranjuez.com\\\/index.php\\\/politicas-de-usuario\\\/\",\"name\":\"Pol\u00edticas de usuario - Coches De Bodas Aranjuez\",\"isPartOf\":{\"@id\":\"https:\\\/\\\/cochesdebodasaranjuez.com\\\/#website\"},\"primaryImageOfPage\":{\"@id\":\"https:\\\/\\\/cochesdebodasaranjuez.com\\\/index.php\\\/politicas-de-usuario\\\/#primaryimage\"},\"image\":{\"@id\":\"https:\\\/\\\/cochesdebodasaranjuez.com\\\/index.php\\\/politicas-de-usuario\\\/#primaryimage\"},\"thumbnailUrl\":\"https:\\\/\\\/cochesdebodasaranjuez.com\\\/wp-content\\\/uploads\\\/2023\\\/02\\\/boda-michelle-ignacio-sergio-cueto-0006-1-1024x684.jpg\",\"datePublished\":\"2023-02-12T18:21:46+00:00\",\"dateModified\":\"2024-06-12T20:30:29+00:00\",\"description\":\"Tanto como nosotros tenemos que cumplir unos m\u00ednimos, como usuarios tambi\u00e9n hay una serie de normas que hay que cumplir.\",\"breadcrumb\":{\"@id\":\"https:\\\/\\\/cochesdebodasaranjuez.com\\\/index.php\\\/politicas-de-usuario\\\/#breadcrumb\"},\"inLanguage\":\"es\",\"potentialAction\":[{\"@type\":\"ReadAction\",\"target\":[\"https:\\\/\\\/cochesdebodasaranjuez.com\\\/index.php\\\/politicas-de-usuario\\\/\"]}]},{\"@type\":\"ImageObject\",\"inLanguage\":\"es\",\"@id\":\"https:\\\/\\\/cochesdebodasaranjuez.com\\\/index.php\\\/politicas-de-usuario\\\/#primaryimage\",\"url\":\"https:\\\/\\\/i0.wp.com\\\/cochesdebodasaranjuez.com\\\/wp-content\\\/uploads\\\/2023\\\/02\\\/boda-michelle-ignacio-sergio-cueto-0006-1.jpg?fit=1200%2C801&ssl=1\",\"contentUrl\":\"https:\\\/\\\/i0.wp.com\\\/cochesdebodasaranjuez.com\\\/wp-content\\\/uploads\\\/2023\\\/02\\\/boda-michelle-ignacio-sergio-cueto-0006-1.jpg?fit=1200%2C801&ssl=1\",\"width\":1200,\"height\":801},{\"@type\":\"BreadcrumbList\",\"@id\":\"https:\\\/\\\/cochesdebodasaranjuez.com\\\/index.php\\\/politicas-de-usuario\\\/#breadcrumb\",\"itemListElement\":[{\"@type\":\"ListItem\",\"position\":1,\"name\":\"Portada\",\"item\":\"https:\\\/\\\/cochesdebodasaranjuez.com\\\/\"},{\"@type\":\"ListItem\",\"position\":2,\"name\":\"Pol\u00edticas de usuario\"}]},{\"@type\":\"WebSite\",\"@id\":\"https:\\\/\\\/cochesdebodasaranjuez.com\\\/#website\",\"url\":\"https:\\\/\\\/cochesdebodasaranjuez.com\\\/\",\"name\":\"Coches De Bodas Aranjuez\",\"description\":\"Alquiler de Coches de Lujo con Ch\u00f3fer para Bodas, Eventos, Rodajes... Ofrecemos una selecci\u00f3n de veh\u00edculos de diferentes \u00e9pocas, de marcas tan prestigiosas como Bentley o Rolls Royce.\",\"publisher\":{\"@id\":\"https:\\\/\\\/cochesdebodasaranjuez.com\\\/#organization\"},\"potentialAction\":[{\"@type\":\"SearchAction\",\"target\":{\"@type\":\"EntryPoint\",\"urlTemplate\":\"https:\\\/\\\/cochesdebodasaranjuez.com\\\/?s={search_term_string}\"},\"query-input\":{\"@type\":\"PropertyValueSpecification\",\"valueRequired\":true,\"valueName\":\"search_term_string\"}}],\"inLanguage\":\"es\"},{\"@type\":\"Organization\",\"@id\":\"https:\\\/\\\/cochesdebodasaranjuez.com\\\/#organization\",\"name\":\"Coches de bodas Aranjuez\",\"url\":\"https:\\\/\\\/cochesdebodasaranjuez.com\\\/\",\"logo\":{\"@type\":\"ImageObject\",\"inLanguage\":\"es\",\"@id\":\"https:\\\/\\\/cochesdebodasaranjuez.com\\\/#\\\/schema\\\/logo\\\/image\\\/\",\"url\":\"https:\\\/\\\/cochesdebodasaranjuez.com\\\/wp-content\\\/uploads\\\/2023\\\/02\\\/cropped-image-4.png\",\"contentUrl\":\"https:\\\/\\\/cochesdebodasaranjuez.com\\\/wp-content\\\/uploads\\\/2023\\\/02\\\/cropped-image-4.png\",\"width\":512,\"height\":512,\"caption\":\"Coches de bodas Aranjuez\"},\"image\":{\"@id\":\"https:\\\/\\\/cochesdebodasaranjuez.com\\\/#\\\/schema\\\/logo\\\/image\\\/\"},\"sameAs\":[\"https:\\\/\\\/www.facebook.com\\\/people\\\/Coches-De-Bodas-Aranjuez\\\/100090107986653\\\/\",\"https:\\\/\\\/www.instagram.com\\\/cochesdebodasaranjuez\\\/\",\"https:\\\/\\\/www.tiktok.com\\\/@cochesdebodasaranjuez\"]}]}<\/script>\n<!-- \/ Yoast SEO plugin. -->","yoast_head_json":{"title":"Pol\u00edticas de usuario - Coches De Bodas Aranjuez","description":"Tanto como nosotros tenemos que cumplir unos m\u00ednimos, como usuarios tambi\u00e9n hay una serie de normas que hay que cumplir.","robots":{"index":"noindex","follow":"follow"},"og_locale":"es_ES","og_type":"article","og_title":"Pol\u00edticas de usuario - Coches De Bodas Aranjuez","og_description":"Tanto como nosotros tenemos que cumplir unos m\u00ednimos, como usuarios tambi\u00e9n hay una serie de normas que hay que cumplir.","og_url":"https:\/\/cochesdebodasaranjuez.com\/index.php\/politicas-de-usuario\/","og_site_name":"Coches De Bodas Aranjuez","article_publisher":"https:\/\/www.facebook.com\/people\/Coches-De-Bodas-Aranjuez\/100090107986653\/","article_modified_time":"2024-06-12T20:30:29+00:00","og_image":[{"url":"https:\/\/cochesdebodasaranjuez.com\/wp-content\/uploads\/2023\/02\/boda-michelle-ignacio-sergio-cueto-0006-1-1024x684.jpg","type":"","width":"","height":""}],"twitter_card":"summary_large_image","twitter_misc":{"Tiempo de lectura":"2 minutos"},"schema":{"@context":"https:\/\/schema.org","@graph":[{"@type":"WebPage","@id":"https:\/\/cochesdebodasaranjuez.com\/index.php\/politicas-de-usuario\/","url":"https:\/\/cochesdebodasaranjuez.com\/index.php\/politicas-de-usuario\/","name":"Pol\u00edticas de usuario - Coches De Bodas Aranjuez","isPartOf":{"@id":"https:\/\/cochesdebodasaranjuez.com\/#website"},"primaryImageOfPage":{"@id":"https:\/\/cochesdebodasaranjuez.com\/index.php\/politicas-de-usuario\/#primaryimage"},"image":{"@id":"https:\/\/cochesdebodasaranjuez.com\/index.php\/politicas-de-usuario\/#primaryimage"},"thumbnailUrl":"https:\/\/cochesdebodasaranjuez.com\/wp-content\/uploads\/2023\/02\/boda-michelle-ignacio-sergio-cueto-0006-1-1024x684.jpg","datePublished":"2023-02-12T18:21:46+00:00","dateModified":"2024-06-12T20:30:29+00:00","description":"Tanto como nosotros tenemos que cumplir unos m\u00ednimos, como usuarios tambi\u00e9n hay una serie de normas que hay que cumplir.","breadcrumb":{"@id":"https:\/\/cochesdebodasaranjuez.com\/index.php\/politicas-de-usuario\/#breadcrumb"},"inLanguage":"es","potentialAction":[{"@type":"ReadAction","target":["https:\/\/cochesdebodasaranjuez.com\/index.php\/politicas-de-usuario\/"]}]},{"@type":"ImageObject","inLanguage":"es","@id":"https:\/\/cochesdebodasaranjuez.com\/index.php\/politicas-de-usuario\/#primaryimage","url":"https:\/\/i0.wp.com\/cochesdebodasaranjuez.com\/wp-content\/uploads\/2023\/02\/boda-michelle-ignacio-sergio-cueto-0006-1.jpg?fit=1200%2C801&ssl=1","contentUrl":"https:\/\/i0.wp.com\/cochesdebodasaranjuez.com\/wp-content\/uploads\/2023\/02\/boda-michelle-ignacio-sergio-cueto-0006-1.jpg?fit=1200%2C801&ssl=1","width":1200,"height":801},{"@type":"BreadcrumbList","@id":"https:\/\/cochesdebodasaranjuez.com\/index.php\/politicas-de-usuario\/#breadcrumb","itemListElement":[{"@type":"ListItem","position":1,"name":"Portada","item":"https:\/\/cochesdebodasaranjuez.com\/"},{"@type":"ListItem","position":2,"name":"Pol\u00edticas de usuario"}]},{"@type":"WebSite","@id":"https:\/\/cochesdebodasaranjuez.com\/#website","url":"https:\/\/cochesdebodasaranjuez.com\/","name":"Coches De Bodas Aranjuez","description":"Alquiler de Coches de Lujo con Ch\u00f3fer para Bodas, Eventos, Rodajes... Ofrecemos una selecci\u00f3n de veh\u00edculos de diferentes \u00e9pocas, de marcas tan prestigiosas como Bentley o Rolls Royce.","publisher":{"@id":"https:\/\/cochesdebodasaranjuez.com\/#organization"},"potentialAction":[{"@type":"SearchAction","target":{"@type":"EntryPoint","urlTemplate":"https:\/\/cochesdebodasaranjuez.com\/?s={search_term_string}"},"query-input":{"@type":"PropertyValueSpecification","valueRequired":true,"valueName":"search_term_string"}}],"inLanguage":"es"},{"@type":"Organization","@id":"https:\/\/cochesdebodasaranjuez.com\/#organization","name":"Coches de bodas Aranjuez","url":"https:\/\/cochesdebodasaranjuez.com\/","logo":{"@type":"ImageObject","inLanguage":"es","@id":"https:\/\/cochesdebodasaranjuez.com\/#\/schema\/logo\/image\/","url":"https:\/\/cochesdebodasaranjuez.com\/wp-content\/uploads\/2023\/02\/cropped-image-4.png","contentUrl":"https:\/\/cochesdebodasaranjuez.com\/wp-content\/uploads\/2023\/02\/cropped-image-4.png","width":512,"height":512,"caption":"Coches de bodas Aranjuez"},"image":{"@id":"https:\/\/cochesdebodasaranjuez.com\/#\/schema\/logo\/image\/"},"sameAs":["https:\/\/www.facebook.com\/people\/Coches-De-Bodas-Aranjuez\/100090107986653\/","https:\/\/www.instagram.com\/cochesdebodasaranjuez\/","https:\/\/www.tiktok.com\/@cochesdebodasaranjuez"]}]}},"uagb_featured_image_src":{"full":false,"thumbnail":false,"medium":false,"medium_large":false,"large":false,"1536x1536":false,"2048x2048":false},"uagb_author_info":{"display_name":"pabloAdmin","author_link":"https:\/\/cochesdebodasaranjuez.com\/index.php\/author\/pabloadmin\/"},"uagb_comment_info":0,"uagb_excerpt":"Pol\u00edticas de usuario","jetpack_sharing_enabled":true,"_links":{"self":[{"href":"https:\/\/cochesdebodasaranjuez.com\/index.php\/wp-json\/wp\/v2\/pages\/1766","targetHints":{"allow":["GET"]}}],"collection":[{"href":"https:\/\/cochesdebodasaranjuez.com\/index.php\/wp-json\/wp\/v2\/pages"}],"about":[{"href":"https:\/\/cochesdebodasaranjuez.com\/index.php\/wp-json\/wp\/v2\/types\/page"}],"author":[{"embeddable":true,"href":"https:\/\/cochesdebodasaranjuez.com\/index.php\/wp-json\/wp\/v2\/users\/1"}],"replies":[{"embeddable":true,"href":"https:\/\/cochesdebodasaranjuez.com\/index.php\/wp-json\/wp\/v2\/comments?post=1766"}],"version-history":[{"count":10,"href":"https:\/\/cochesdebodasaranjuez.com\/index.php\/wp-json\/wp\/v2\/pages\/1766\/revisions"}],"predecessor-version":[{"id":2081,"href":"https:\/\/cochesdebodasaranjuez.com\/index.php\/wp-json\/wp\/v2\/pages\/1766\/revisions\/2081"}],"wp:attachment":[{"href":"https:\/\/cochesdebodasaranjuez.com\/index.php\/wp-json\/wp\/v2\/media?parent=1766"}],"curies":[{"name":"wp","href":"https:\/\/api.w.org\/{rel}","templated":true}]}}