{"id":3,"date":"2023-02-11T16:47:36","date_gmt":"2023-02-11T16:47:36","guid":{"rendered":"http:\/\/cochesdebodasaranjuez.com\/?page_id=3"},"modified":"2023-02-19T15:22:30","modified_gmt":"2023-02-19T14:22:30","slug":"politica-privacidad","status":"publish","type":"page","link":"https:\/\/cochesdebodasaranjuez.com\/index.php\/politica-privacidad\/","title":{"rendered":"Pol\u00edtica de privacidad"},"content":{"rendered":"\n<h2 class=\"wp-block-heading\">Pol\u00edtica de Privacidad<\/h2>\n\n\n\n<p class=\"has-link-color wp-elements-014a669abf2d6c6f586857a1e6004c47\">Ante todo nos regimos por la ley de <a href=\"https:\/\/www.aepd.es\/es\/politica-de-privacidad-y-aviso-legal\" target=\"_blank\" rel=\"noreferrer noopener\">pol\u00edtica de privacidad<\/a>.<\/p>\n\n\n\n<h2 class=\"wp-block-heading\">Protecci\u00f3n de Datos<\/h2>\n\n\n\n<p class=\"has-link-color wp-elements-9baa9ed2d33b9d0e66a894a387ac61c4\">Ante todo nos regimos por la ley de <a href=\"https:\/\/www.boe.es\/buscar\/act.php?id=BOE-A-2018-16673\" target=\"_blank\" rel=\"noreferrer noopener\">protecci\u00f3n de datos<\/a>.<\/p>\n\n\n\n<h2 class=\"wp-block-heading\">Qui\u00e9nes somos<\/h2>\n\n\n\n<p class=\"has-link-color wp-elements-deee927ebde237fac24d1bc56de50300\">La direcci\u00f3n de nuestra web es:<a href=\" https:\/\/cochesdebodasaranjuez.com\"> https:\/\/cochesdebodasaranjuez.com<\/a>.<\/p>\n\n\n\n<h2 class=\"wp-block-heading\">Datos<\/h2>\n\n\n\n<p>Todos tus datos son controlados que pueden llegar a ser recogidos por Pablo Castro el administrador de la web. <\/p>\n\n\n\n<p class=\"has-ast-global-color-2-color has-text-color has-link-color wp-elements-8ea970139d776fd065e9125d226f3b7b\">Si tienes alguna consulta puedes&nbsp;<a href=\"https:\/\/cochesdebodasaranjuez.com\/index.php\/contacto\/\">contactar con nosotros.<\/a><\/p>\n\n\n\n<h2 class=\"wp-block-heading\">Cookies<\/h2>\n\n\n\n<p>Si dejas un comentario en nuestro sitio puedes elegir guardar tu nombre, direcci\u00f3n de correo electr\u00f3nico y web en cookies. Esto es para tu comodidad, para que no tengas que volver a rellenar tus datos cuando dejes otro comentario. Estas cookies tendr\u00e1n una duraci\u00f3n de un a\u00f1o.<\/p>\n\n\n\n<p>Si tienes una cuenta y te conectas a este sitio, instalaremos una cookie temporal para determinar si tu navegador acepta cookies. Esta cookie no contiene datos personales y se elimina al cerrar el navegador.<\/p>\n\n\n\n<p>Cuando accedas, tambi\u00e9n instalaremos varias cookies para guardar tu informaci\u00f3n de acceso y tus opciones de visualizaci\u00f3n de pantalla. Las cookies de acceso duran dos d\u00edas, y las cookies de opciones de pantalla duran un a\u00f1o. Si seleccionas \u00abRecu\u00e9rdarme\u00bb, tu acceso perdurar\u00e1 durante dos semanas. Si sales de tu cuenta, las cookies de acceso se eliminar\u00e1n.<\/p>\n\n\n\n<p>Si editas o publicas un art\u00edculo se guardar\u00e1 una cookie adicional en tu navegador. Esta cookie no incluye datos personales y simplemente indica el ID del art\u00edculo que acabas de editar. Caduca despu\u00e9s de 1 d\u00eda.<\/p>\n\n\n\n<h2 class=\"wp-block-heading\">Contenido incrustado de otros sitios web<\/h2>\n\n\n\n<p>Los art\u00edculos de este sitio pueden incluir contenido incrustado (por ejemplo, v\u00eddeos, im\u00e1genes, art\u00edculos, etc.). El contenido incrustado de otras webs se comporta exactamente de la misma manera que si el visitante hubiera visitado la otra web.<\/p>\n\n\n\n<p>Estas web pueden recopilar datos sobre ti, utilizar cookies, incrustar un seguimiento adicional de terceros, y supervisar tu interacci\u00f3n con ese contenido incrustado, incluido el seguimiento de tu interacci\u00f3n con el contenido incrustado si tienes una cuenta y est\u00e1s conectado a esa web.<\/p>\n\n\n\n<h2 class=\"wp-block-heading\">Con qui\u00e9n compartimos tus datos<\/h2>\n\n\n\n<p>Si solicitas un restablecimiento de contrase\u00f1a, tu direcci\u00f3n IP ser\u00e1 incluida en el correo electr\u00f3nico de restablecimiento.<\/p>\n\n\n\n<h2 class=\"wp-block-heading\">Cu\u00e1nto tiempo conservamos tus datos<\/h2>\n\n\n\n<p><strong class=\"privacy-policy-tutorial\"> <\/strong>Si dejas un comentario, el comentario y sus metadatos se conservan indefinidamente. Esto es para que podamos reconocer y aprobar comentarios sucesivos autom\u00e1ticamente, en lugar de mantenerlos en una cola de moderaci\u00f3n.<\/p>\n\n\n\n<p>De los usuarios que se registran en nuestra web (si los hay), tambi\u00e9n almacenamos la informaci\u00f3n personal que proporcionan en su perfil de usuario. Todos los usuarios pueden ver, editar o eliminar su informaci\u00f3n personal en cualquier momento (excepto que no pueden cambiar su nombre de usuario). Los administradores de la web tambi\u00e9n pueden ver y editar esa informaci\u00f3n.<\/p>\n\n\n\n<h2 class=\"wp-block-heading\">Qu\u00e9 derechos tienes sobre tus datos<\/h2>\n\n\n\n<p>Si tienes una cuenta o has dejado comentarios en esta web, puedes solicitar recibir un archivo de exportaci\u00f3n de los datos personales que tenemos sobre ti, incluyendo cualquier dato que nos hayas proporcionado. Tambi\u00e9n puedes solicitar que eliminemos cualquier dato personal que tengamos sobre ti. Esto no incluye ning\u00fan dato que estemos obligados a conservar con fines administrativos, legales o de seguridad.<\/p>\n\n\n\n<h2 class=\"wp-block-heading\">D\u00f3nde enviamos tus datos<\/h2>\n\n\n\n<p>Los comentarios de los visitantes puede que los revise un servicio de detecci\u00f3n autom\u00e1tica de spam.<\/p>\n","protected":false},"excerpt":{"rendered":"<p>Pol\u00edtica de Privacidad Ante todo nos regimos por la ley de pol\u00edtica de privacidad. Protecci\u00f3n de Datos Ante todo nos regimos por la ley de protecci\u00f3n de datos. Qui\u00e9nes somos La direcci\u00f3n de nuestra web es: https:\/\/cochesdebodasaranjuez.com. Datos Todos tus datos son controlados que pueden llegar a ser recogidos por Pablo Castro el administrador de &hellip;<\/p>\n<p class=\"read-more\"> <a class=\"\" href=\"https:\/\/cochesdebodasaranjuez.com\/index.php\/politica-privacidad\/\"> <span class=\"screen-reader-text\">Pol\u00edtica de privacidad<\/span> Leer m\u00e1s &raquo;<\/a><\/p>\n","protected":false},"author":1,"featured_media":0,"parent":0,"menu_order":0,"comment_status":"closed","ping_status":"open","template":"","meta":{"_uag_custom_page_level_css":"","_monsterinsights_skip_tracking":false,"_monsterinsights_sitenote_active":false,"_monsterinsights_sitenote_note":"","_monsterinsights_sitenote_category":0,"site-sidebar-layout":"default","site-content-layout":"default","ast-global-header-display":"","ast-main-header-display":"","ast-hfb-above-header-display":"","ast-hfb-below-header-display":"","ast-hfb-mobile-header-display":"","site-post-title":"","ast-breadcrumbs-content":"","ast-featured-img":"","footer-sml-layout":"","theme-transparent-header-meta":"","adv-header-id-meta":"","stick-header-meta":"","header-above-stick-meta":"","header-main-stick-meta":"","header-below-stick-meta":"","footnotes":""},"class_list":["post-3","page","type-page","status-publish","hentry"],"yoast_head":"<!-- This site is optimized with the Yoast SEO plugin v27.4 - https:\/\/yoast.com\/product\/yoast-seo-wordpress\/ -->\n<title>Pol\u00edtica de privacidad - Coches De Bodas Aranjuez<\/title>\n<meta name=\"robots\" content=\"noindex, follow\" \/>\n<meta property=\"og:locale\" content=\"es_ES\" \/>\n<meta property=\"og:type\" content=\"article\" \/>\n<meta property=\"og:title\" content=\"Pol\u00edtica de privacidad - Coches De Bodas Aranjuez\" \/>\n<meta property=\"og:description\" content=\"Pol\u00edtica de Privacidad Ante todo nos regimos por la ley de pol\u00edtica de privacidad. Protecci\u00f3n de Datos Ante todo nos regimos por la ley de protecci\u00f3n de datos. Qui\u00e9nes somos La direcci\u00f3n de nuestra web es: https:\/\/cochesdebodasaranjuez.com. Datos Todos tus datos son controlados que pueden llegar a ser recogidos por Pablo Castro el administrador de &hellip; Pol\u00edtica de privacidad Leer m\u00e1s &raquo;\" \/>\n<meta property=\"og:url\" content=\"https:\/\/cochesdebodasaranjuez.com\/index.php\/politica-privacidad\/\" \/>\n<meta property=\"og:site_name\" content=\"Coches De Bodas Aranjuez\" \/>\n<meta property=\"article:publisher\" content=\"https:\/\/www.facebook.com\/people\/Coches-De-Bodas-Aranjuez\/100090107986653\/\" \/>\n<meta property=\"article:modified_time\" content=\"2023-02-19T14:22:30+00:00\" \/>\n<meta name=\"twitter:card\" content=\"summary_large_image\" \/>\n<meta name=\"twitter:label1\" content=\"Tiempo de lectura\" \/>\n\t<meta name=\"twitter:data1\" content=\"3 minutos\" \/>\n<script type=\"application\/ld+json\" class=\"yoast-schema-graph\">{\"@context\":\"https:\\\/\\\/schema.org\",\"@graph\":[{\"@type\":\"WebPage\",\"@id\":\"https:\\\/\\\/cochesdebodasaranjuez.com\\\/index.php\\\/politica-privacidad\\\/\",\"url\":\"https:\\\/\\\/cochesdebodasaranjuez.com\\\/index.php\\\/politica-privacidad\\\/\",\"name\":\"Pol\u00edtica de privacidad - Coches De Bodas Aranjuez\",\"isPartOf\":{\"@id\":\"https:\\\/\\\/cochesdebodasaranjuez.com\\\/#website\"},\"datePublished\":\"2023-02-11T16:47:36+00:00\",\"dateModified\":\"2023-02-19T14:22:30+00:00\",\"breadcrumb\":{\"@id\":\"https:\\\/\\\/cochesdebodasaranjuez.com\\\/index.php\\\/politica-privacidad\\\/#breadcrumb\"},\"inLanguage\":\"es\",\"potentialAction\":[{\"@type\":\"ReadAction\",\"target\":[\"https:\\\/\\\/cochesdebodasaranjuez.com\\\/index.php\\\/politica-privacidad\\\/\"]}]},{\"@type\":\"BreadcrumbList\",\"@id\":\"https:\\\/\\\/cochesdebodasaranjuez.com\\\/index.php\\\/politica-privacidad\\\/#breadcrumb\",\"itemListElement\":[{\"@type\":\"ListItem\",\"position\":1,\"name\":\"Portada\",\"item\":\"https:\\\/\\\/cochesdebodasaranjuez.com\\\/\"},{\"@type\":\"ListItem\",\"position\":2,\"name\":\"Pol\u00edtica de privacidad\"}]},{\"@type\":\"WebSite\",\"@id\":\"https:\\\/\\\/cochesdebodasaranjuez.com\\\/#website\",\"url\":\"https:\\\/\\\/cochesdebodasaranjuez.com\\\/\",\"name\":\"Coches De Bodas Aranjuez\",\"description\":\"Alquiler de Coches de Lujo con Ch\u00f3fer para Bodas, Eventos, Rodajes... Ofrecemos una selecci\u00f3n de veh\u00edculos de diferentes \u00e9pocas, de marcas tan prestigiosas como Bentley o Rolls Royce.\",\"publisher\":{\"@id\":\"https:\\\/\\\/cochesdebodasaranjuez.com\\\/#organization\"},\"potentialAction\":[{\"@type\":\"SearchAction\",\"target\":{\"@type\":\"EntryPoint\",\"urlTemplate\":\"https:\\\/\\\/cochesdebodasaranjuez.com\\\/?s={search_term_string}\"},\"query-input\":{\"@type\":\"PropertyValueSpecification\",\"valueRequired\":true,\"valueName\":\"search_term_string\"}}],\"inLanguage\":\"es\"},{\"@type\":\"Organization\",\"@id\":\"https:\\\/\\\/cochesdebodasaranjuez.com\\\/#organization\",\"name\":\"Coches de bodas Aranjuez\",\"url\":\"https:\\\/\\\/cochesdebodasaranjuez.com\\\/\",\"logo\":{\"@type\":\"ImageObject\",\"inLanguage\":\"es\",\"@id\":\"https:\\\/\\\/cochesdebodasaranjuez.com\\\/#\\\/schema\\\/logo\\\/image\\\/\",\"url\":\"https:\\\/\\\/cochesdebodasaranjuez.com\\\/wp-content\\\/uploads\\\/2023\\\/02\\\/cropped-image-4.png\",\"contentUrl\":\"https:\\\/\\\/cochesdebodasaranjuez.com\\\/wp-content\\\/uploads\\\/2023\\\/02\\\/cropped-image-4.png\",\"width\":512,\"height\":512,\"caption\":\"Coches de bodas Aranjuez\"},\"image\":{\"@id\":\"https:\\\/\\\/cochesdebodasaranjuez.com\\\/#\\\/schema\\\/logo\\\/image\\\/\"},\"sameAs\":[\"https:\\\/\\\/www.facebook.com\\\/people\\\/Coches-De-Bodas-Aranjuez\\\/100090107986653\\\/\",\"https:\\\/\\\/www.instagram.com\\\/cochesdebodasaranjuez\\\/\",\"https:\\\/\\\/www.tiktok.com\\\/@cochesdebodasaranjuez\"]}]}<\/script>\n<!-- \/ Yoast SEO plugin. -->","yoast_head_json":{"title":"Pol\u00edtica de privacidad - Coches De Bodas Aranjuez","robots":{"index":"noindex","follow":"follow"},"og_locale":"es_ES","og_type":"article","og_title":"Pol\u00edtica de privacidad - Coches De Bodas Aranjuez","og_description":"Pol\u00edtica de Privacidad Ante todo nos regimos por la ley de pol\u00edtica de privacidad. Protecci\u00f3n de Datos Ante todo nos regimos por la ley de protecci\u00f3n de datos. Qui\u00e9nes somos La direcci\u00f3n de nuestra web es: https:\/\/cochesdebodasaranjuez.com. Datos Todos tus datos son controlados que pueden llegar a ser recogidos por Pablo Castro el administrador de &hellip; Pol\u00edtica de privacidad Leer m\u00e1s &raquo;","og_url":"https:\/\/cochesdebodasaranjuez.com\/index.php\/politica-privacidad\/","og_site_name":"Coches De Bodas Aranjuez","article_publisher":"https:\/\/www.facebook.com\/people\/Coches-De-Bodas-Aranjuez\/100090107986653\/","article_modified_time":"2023-02-19T14:22:30+00:00","twitter_card":"summary_large_image","twitter_misc":{"Tiempo de lectura":"3 minutos"},"schema":{"@context":"https:\/\/schema.org","@graph":[{"@type":"WebPage","@id":"https:\/\/cochesdebodasaranjuez.com\/index.php\/politica-privacidad\/","url":"https:\/\/cochesdebodasaranjuez.com\/index.php\/politica-privacidad\/","name":"Pol\u00edtica de privacidad - Coches De Bodas Aranjuez","isPartOf":{"@id":"https:\/\/cochesdebodasaranjuez.com\/#website"},"datePublished":"2023-02-11T16:47:36+00:00","dateModified":"2023-02-19T14:22:30+00:00","breadcrumb":{"@id":"https:\/\/cochesdebodasaranjuez.com\/index.php\/politica-privacidad\/#breadcrumb"},"inLanguage":"es","potentialAction":[{"@type":"ReadAction","target":["https:\/\/cochesdebodasaranjuez.com\/index.php\/politica-privacidad\/"]}]},{"@type":"BreadcrumbList","@id":"https:\/\/cochesdebodasaranjuez.com\/index.php\/politica-privacidad\/#breadcrumb","itemListElement":[{"@type":"ListItem","position":1,"name":"Portada","item":"https:\/\/cochesdebodasaranjuez.com\/"},{"@type":"ListItem","position":2,"name":"Pol\u00edtica de privacidad"}]},{"@type":"WebSite","@id":"https:\/\/cochesdebodasaranjuez.com\/#website","url":"https:\/\/cochesdebodasaranjuez.com\/","name":"Coches De Bodas Aranjuez","description":"Alquiler de Coches de Lujo con Ch\u00f3fer para Bodas, Eventos, Rodajes... Ofrecemos una selecci\u00f3n de veh\u00edculos de diferentes \u00e9pocas, de marcas tan prestigiosas como Bentley o Rolls Royce.","publisher":{"@id":"https:\/\/cochesdebodasaranjuez.com\/#organization"},"potentialAction":[{"@type":"SearchAction","target":{"@type":"EntryPoint","urlTemplate":"https:\/\/cochesdebodasaranjuez.com\/?s={search_term_string}"},"query-input":{"@type":"PropertyValueSpecification","valueRequired":true,"valueName":"search_term_string"}}],"inLanguage":"es"},{"@type":"Organization","@id":"https:\/\/cochesdebodasaranjuez.com\/#organization","name":"Coches de bodas Aranjuez","url":"https:\/\/cochesdebodasaranjuez.com\/","logo":{"@type":"ImageObject","inLanguage":"es","@id":"https:\/\/cochesdebodasaranjuez.com\/#\/schema\/logo\/image\/","url":"https:\/\/cochesdebodasaranjuez.com\/wp-content\/uploads\/2023\/02\/cropped-image-4.png","contentUrl":"https:\/\/cochesdebodasaranjuez.com\/wp-content\/uploads\/2023\/02\/cropped-image-4.png","width":512,"height":512,"caption":"Coches de bodas Aranjuez"},"image":{"@id":"https:\/\/cochesdebodasaranjuez.com\/#\/schema\/logo\/image\/"},"sameAs":["https:\/\/www.facebook.com\/people\/Coches-De-Bodas-Aranjuez\/100090107986653\/","https:\/\/www.instagram.com\/cochesdebodasaranjuez\/","https:\/\/www.tiktok.com\/@cochesdebodasaranjuez"]}]}},"uagb_featured_image_src":{"full":false,"thumbnail":false,"medium":false,"medium_large":false,"large":false,"1536x1536":false,"2048x2048":false},"uagb_author_info":{"display_name":"pabloAdmin","author_link":"https:\/\/cochesdebodasaranjuez.com\/index.php\/author\/pabloadmin\/"},"uagb_comment_info":0,"uagb_excerpt":"Pol\u00edtica de Privacidad Ante todo nos regimos por la ley de pol\u00edtica de privacidad. Protecci\u00f3n de Datos Ante todo nos regimos por la ley de protecci\u00f3n de datos. Qui\u00e9nes somos La direcci\u00f3n de nuestra web es: https:\/\/cochesdebodasaranjuez.com. Datos Todos tus datos son controlados que pueden llegar a ser recogidos por Pablo Castro el administrador de&hellip;","jetpack_sharing_enabled":true,"_links":{"self":[{"href":"https:\/\/cochesdebodasaranjuez.com\/index.php\/wp-json\/wp\/v2\/pages\/3","targetHints":{"allow":["GET"]}}],"collection":[{"href":"https:\/\/cochesdebodasaranjuez.com\/index.php\/wp-json\/wp\/v2\/pages"}],"about":[{"href":"https:\/\/cochesdebodasaranjuez.com\/index.php\/wp-json\/wp\/v2\/types\/page"}],"author":[{"embeddable":true,"href":"https:\/\/cochesdebodasaranjuez.com\/index.php\/wp-json\/wp\/v2\/users\/1"}],"replies":[{"embeddable":true,"href":"https:\/\/cochesdebodasaranjuez.com\/index.php\/wp-json\/wp\/v2\/comments?post=3"}],"version-history":[{"count":2,"href":"https:\/\/cochesdebodasaranjuez.com\/index.php\/wp-json\/wp\/v2\/pages\/3\/revisions"}],"predecessor-version":[{"id":1769,"href":"https:\/\/cochesdebodasaranjuez.com\/index.php\/wp-json\/wp\/v2\/pages\/3\/revisions\/1769"}],"wp:attachment":[{"href":"https:\/\/cochesdebodasaranjuez.com\/index.php\/wp-json\/wp\/v2\/media?parent=3"}],"curies":[{"name":"wp","href":"https:\/\/api.w.org\/{rel}","templated":true}]}}